{"id":366,"date":"2023-06-12T10:34:53","date_gmt":"2023-06-12T10:34:53","guid":{"rendered":"https:\/\/jardimdascamelias.pt\/wp\/?page_id=366"},"modified":"2024-02-25T20:05:24","modified_gmt":"2024-02-25T20:05:24","slug":"p2020","status":"publish","type":"page","link":"https:\/\/jardimdascamelias.pt\/pt\/p2020\/","title":{"rendered":""},"content":{"rendered":"<div class=\"wp-block-group apoio has-global-padding is-layout-constrained wp-block-group-is-layout-constrained\">\n<figure class=\"wp-block-image size-large\"><img loading=\"lazy\" decoding=\"async\" width=\"1024\" height=\"70\" src=\"https:\/\/jardimdascamelias.pt\/wp\/wp-content\/uploads\/2024\/02\/Barra-de-Assinatura-ACORES-2020-FEDER-1024x70.png\" alt=\"\" class=\"wp-image-1952\" srcset=\"https:\/\/jardimdascamelias.pt\/wp\/wp-content\/uploads\/2024\/02\/Barra-de-Assinatura-ACORES-2020-FEDER-1024x70.png 1024w, https:\/\/jardimdascamelias.pt\/wp\/wp-content\/uploads\/2024\/02\/Barra-de-Assinatura-ACORES-2020-FEDER-300x21.png 300w, https:\/\/jardimdascamelias.pt\/wp\/wp-content\/uploads\/2024\/02\/Barra-de-Assinatura-ACORES-2020-FEDER-768x53.png 768w, https:\/\/jardimdascamelias.pt\/wp\/wp-content\/uploads\/2024\/02\/Barra-de-Assinatura-ACORES-2020-FEDER-1536x105.png 1536w, https:\/\/jardimdascamelias.pt\/wp\/wp-content\/uploads\/2024\/02\/Barra-de-Assinatura-ACORES-2020-FEDER-2048x140.png 2048w, https:\/\/jardimdascamelias.pt\/wp\/wp-content\/uploads\/2024\/02\/Barra-de-Assinatura-ACORES-2020-FEDER-18x1.png 18w\" sizes=\"auto, (max-width: 1024px) 100vw, 1024px\" \/><\/figure>\n\n\n\n<h2 class=\"wp-block-heading\">Designa\u00e7\u00e3o do Projecto:<\/h2>\n\n\n\n<p>Hostel &#8211; Pedras &amp; Incenso<\/p>\n\n\n\n<h2 class=\"wp-block-heading\">C\u00f3digo do Projecto:<\/h2>\n\n\n\n<p>ACORES-03-0651-FEDER-100512<\/p>\n\n\n\n<h2 class=\"wp-block-heading\">Objetivo Principal:<\/h2>\n\n\n\n<p>Promover o empreendedorismo qualificado e criativo<\/p>\n\n\n\n<h2 class=\"wp-block-heading\">Entidade Benefici\u00e1ria:<\/h2>\n\n\n\n<p>Pedras e Incenso, Unipessoal, Lda<\/p>\n\n\n\n<h2 class=\"wp-block-heading\">Custo Total Elig\u00edvel:<\/h2>\n\n\n\n<p>202&nbsp;973,27 \u20ac<\/p>\n\n\n\n<h2 class=\"wp-block-heading\">Apoio Financeiro da Uni\u00e3o Europeia:<\/h2>\n\n\n\n<p>120 769,10 \u20ac<\/p>\n\n\n\n<h2 class=\"wp-block-heading\">Descri\u00e7\u00e3o:<\/h2>\n\n\n\n<p>O presente projecto visa a recupera\u00e7\u00e3o da denominada <em>Casa Velha<\/em>, casa bicenten\u00e1ria constru\u00edda em pedra de basalto localizada no centro da Vila da Madalena do Pico, para cria\u00e7\u00e3o de estabelecimento de Alojamento Local de tipologia \u201cHostel\u201d, com jardim privado.<\/p>\n\n\n\n<h2 class=\"wp-block-heading\">Resultados:<\/h2>\n\n\n\n<p>Com a realiza\u00e7\u00e3o do investimento proposto, a promotora pretende estabelecer-se na \u00e1rea do turismo com uma empresa qualificada e devidamente certificada para o exerc\u00edcio da explora\u00e7\u00e3o de um Hostel.<\/p>\n\n\n\n<h2 class=\"wp-block-heading\">Fotografias:<\/h2>\n\n\n\n<figure class=\"wp-block-gallery has-nested-images columns-5 is-cropped wp-block-gallery-1 is-layout-flex wp-block-gallery-is-layout-flex\">\n<figure class=\"wp-block-image size-thumbnail\"><img decoding=\"async\" data-id=\"546\" src=\"https:\/\/jardimdascamelias.pt\/wp\/wp-content\/uploads\/2023\/06\/PHOTO-2023-06-08-10-11-02-150x150.jpg\" alt=\"\" class=\"wp-image-546\"\/><\/figure>\n\n\n\n<figure class=\"wp-block-image size-thumbnail\"><img decoding=\"async\" data-id=\"547\" src=\"https:\/\/jardimdascamelias.pt\/wp\/wp-content\/uploads\/2023\/06\/20230106_163811-1-150x150.jpg\" alt=\"\" class=\"wp-image-547\"\/><\/figure>\n\n\n\n<figure class=\"wp-block-image size-thumbnail\"><img decoding=\"async\" data-id=\"552\" src=\"https:\/\/jardimdascamelias.pt\/wp\/wp-content\/uploads\/2023\/06\/IMG_0245-150x150.jpg\" alt=\"\" class=\"wp-image-552\"\/><\/figure>\n\n\n\n<figure class=\"wp-block-image size-thumbnail\"><img decoding=\"async\" data-id=\"438\" src=\"https:\/\/jardimdascamelias.pt\/wp\/wp-content\/uploads\/2023\/06\/dorms1-150x150.jpg\" alt=\"\" class=\"wp-image-438\"\/><\/figure>\n\n\n\n<figure class=\"wp-block-image size-thumbnail\"><img decoding=\"async\" data-id=\"440\" src=\"https:\/\/jardimdascamelias.pt\/wp\/wp-content\/uploads\/2023\/06\/dorms3-150x150.jpg\" alt=\"\" class=\"wp-image-440\"\/><\/figure>\n<\/figure>\n<\/div>\n\n\n\n<hr class=\"wp-block-separator has-alpha-channel-opacity is-style-wide\"\/>\n\n\n\n<div class=\"wp-block-file\"><a id=\"wp-block-file--media-2442b3ec-4236-4585-8014-0e748b3f0dce\" href=\"https:\/\/jardimdascamelias.pt\/wp\/wp-content\/uploads\/2023\/06\/p2020.pdf\">p2020<\/a><a href=\"https:\/\/jardimdascamelias.pt\/wp\/wp-content\/uploads\/2023\/06\/p2020.pdf\" class=\"wp-block-file__button wp-element-button\" download aria-describedby=\"wp-block-file--media-2442b3ec-4236-4585-8014-0e748b3f0dce\">Download<\/a><\/div>","protected":false},"excerpt":{"rendered":"<p>Designa\u00e7\u00e3o do Projecto: Hostel &#8211; Pedras &amp; Incenso C\u00f3digo do Projecto: ACORES-03-0651-FEDER-100512 Objetivo Principal: Promover o empreendedorismo qualificado e criativo Entidade Benefici\u00e1ria: Pedras e Incenso, Unipessoal, Lda Custo Total Elig\u00edvel: 202&nbsp;973,27 \u20ac Apoio Financeiro da Uni\u00e3o Europeia: 120 769,10 \u20ac Descri\u00e7\u00e3o: O presente projecto visa a recupera\u00e7\u00e3o da denominada Casa Velha, casa bicenten\u00e1ria constru\u00edda em [&hellip;]<\/p>\n","protected":false},"author":1,"featured_media":0,"parent":0,"menu_order":0,"comment_status":"closed","ping_status":"closed","template":"","meta":{"_eb_attr":"","ngg_post_thumbnail":0,"footnotes":""},"class_list":["post-366","page","type-page","status-publish","hentry"],"_links":{"self":[{"href":"https:\/\/jardimdascamelias.pt\/pt\/wp-json\/wp\/v2\/pages\/366","targetHints":{"allow":["GET"]}}],"collection":[{"href":"https:\/\/jardimdascamelias.pt\/pt\/wp-json\/wp\/v2\/pages"}],"about":[{"href":"https:\/\/jardimdascamelias.pt\/pt\/wp-json\/wp\/v2\/types\/page"}],"author":[{"embeddable":true,"href":"https:\/\/jardimdascamelias.pt\/pt\/wp-json\/wp\/v2\/users\/1"}],"replies":[{"embeddable":true,"href":"https:\/\/jardimdascamelias.pt\/pt\/wp-json\/wp\/v2\/comments?post=366"}],"version-history":[{"count":26,"href":"https:\/\/jardimdascamelias.pt\/pt\/wp-json\/wp\/v2\/pages\/366\/revisions"}],"predecessor-version":[{"id":1953,"href":"https:\/\/jardimdascamelias.pt\/pt\/wp-json\/wp\/v2\/pages\/366\/revisions\/1953"}],"wp:attachment":[{"href":"https:\/\/jardimdascamelias.pt\/pt\/wp-json\/wp\/v2\/media?parent=366"}],"curies":[{"name":"wp","href":"https:\/\/api.w.org\/{rel}","templated":true}]}}